{"id":25,"date":"2025-03-30T17:09:09","date_gmt":"2025-03-30T15:09:09","guid":{"rendered":"https:\/\/www.litemarine.fr\/?page_id=25"},"modified":"2025-04-05T23:03:33","modified_gmt":"2025-04-05T21:03:33","slug":"politique-de-confidentialite","status":"publish","type":"page","link":"https:\/\/www.litemarine.fr\/index.php\/politique-de-confidentialite\/","title":{"rendered":"Politique de confidentialit\u00e9"},"content":{"rendered":"\n<h1 class=\"wp-block-heading\"><em><strong><mark style=\"background-color:rgba(0, 0, 0, 0)\" class=\"has-inline-color has-custom-color-1-color\">P<\/mark><\/strong>olitique de <strong><mark style=\"background-color:rgba(0, 0, 0, 0)\" class=\"has-inline-color has-custom-color-1-color\">C<\/mark><\/strong>onfidentialit\u00e9<\/em><\/h1>\n\n\n\n<h2 class=\"wp-block-heading\">RGPD (R\u00e8glement G\u00e9n\u00e9ral sur la Protection des Donn\u00e9es)<\/h2>\n\n\n\n<figure class=\"wp-block-image aligncenter size-full is-resized\"><img decoding=\"async\" src=\"https:\/\/www.click-and-you.fr\/wp-content\/uploads\/2023\/06\/clickandyou_confidentialite.jpg\" alt=\"\" class=\"wp-image-245\" style=\"width:250px\"\/><\/figure>\n\n\n\n<h3 class=\"wp-block-heading\">Quelles donn\u00e9es traitons-nous&nbsp;?<\/h3>\n\n\n\n<ul class=\"wp-block-list\">\n<li>Donn\u00e9es sur votre identit\u00e9 (nom, pr\u00e9nom et coordonn\u00e9es)<\/li>\n\n\n\n<li>Donn\u00e9es non-sensibles n\u00e9cessaires au suivi de votre demande.<\/li>\n<\/ul>\n\n\n\n<h3 class=\"wp-block-heading\">Que faisons-nous de vos donn\u00e9es ?<\/h3>\n\n\n\n<ul class=\"wp-block-list\">\n<li>Gestion de la relation client<\/li>\n<\/ul>\n\n\n\n<h3 class=\"wp-block-heading\">O\u00f9 stockons-nous vos donn\u00e9es&nbsp;?<\/h3>\n\n\n\n<ul class=\"wp-block-list\">\n<li>Exclusivement en France dans nos locaux, en toute s\u00e9curit\u00e9<\/li>\n<\/ul>\n\n\n\n<h3 class=\"wp-block-heading\">Avec qui partageons-nous vos donn\u00e9es ?<\/h3>\n\n\n\n<p>Personne<\/p>\n\n\n\n<h3 class=\"wp-block-heading\">Quels sont vos droits&nbsp;?<\/h3>\n\n\n\n<ul class=\"wp-block-list\">\n<li>Acc\u00e9der \u00e0 vos donn\u00e9es<\/li>\n\n\n\n<li>Rectifier vos donn\u00e9es<\/li>\n\n\n\n<li>S\u2019opposer au traitement de vos donn\u00e9es<\/li>\n\n\n\n<li>Limiter le traitement de vos donn\u00e9es<\/li>\n\n\n\n<li>Faire effacer vos donn\u00e9es<\/li>\n<\/ul>\n\n\n\n<p>Vous pouvez exercer, \u00e0 tout moment, un droit d\u2019acc\u00e8s, de modification, de rectification et de suppression des donn\u00e9es personnelles vous concernant. Pour cela, vous devez formuler une demande \u00e9crite et sign\u00e9e puis la transmettre par courrier \u00e9lectronique \u00e0&nbsp;: contact@litemarine.fr ou par courrier postal \u00e0 l\u2019adresse suivante&nbsp;: LiteMarine&amp;Co, 39 rue du Docteur Maunoury 28000 Chartres (\u00e0 cette occasion, il pourra vous \u00eatre demand\u00e9 de justifier de votre identit\u00e9 via la transmission d\u2019une copie d\u2019une pi\u00e8ce d\u2019identit\u00e9 en cours de validit\u00e9). Pensez \u00e9galement \u00e0 indiquer l\u2019adresse \u00e0 laquelle vous souhaitez recevoir la r\u00e9ponse.<\/p>\n","protected":false},"excerpt":{"rendered":"<p>Politique de Confidentialit\u00e9 RGPD (R\u00e8glement G\u00e9n\u00e9ral sur la Protection des Donn\u00e9es) Quelles donn\u00e9es traitons-nous&nbsp;? Que faisons-nous de vos donn\u00e9es ? O\u00f9 stockons-nous vos donn\u00e9es&nbsp;? Avec qui partageons-nous vos donn\u00e9es ? Personne Quels sont vos droits&nbsp;? Vous pouvez exercer, \u00e0 tout moment, un droit d\u2019acc\u00e8s, de modification, de rectification et de suppression des donn\u00e9es personnelles vous [&hellip;]<\/p>\n","protected":false},"author":1,"featured_media":0,"parent":0,"menu_order":0,"comment_status":"closed","ping_status":"closed","template":"","meta":{"footnotes":""},"class_list":["post-25","page","type-page","status-publish","hentry"],"_links":{"self":[{"href":"https:\/\/www.litemarine.fr\/index.php\/wp-json\/wp\/v2\/pages\/25","targetHints":{"allow":["GET"]}}],"collection":[{"href":"https:\/\/www.litemarine.fr\/index.php\/wp-json\/wp\/v2\/pages"}],"about":[{"href":"https:\/\/www.litemarine.fr\/index.php\/wp-json\/wp\/v2\/types\/page"}],"author":[{"embeddable":true,"href":"https:\/\/www.litemarine.fr\/index.php\/wp-json\/wp\/v2\/users\/1"}],"replies":[{"embeddable":true,"href":"https:\/\/www.litemarine.fr\/index.php\/wp-json\/wp\/v2\/comments?post=25"}],"version-history":[{"count":4,"href":"https:\/\/www.litemarine.fr\/index.php\/wp-json\/wp\/v2\/pages\/25\/revisions"}],"predecessor-version":[{"id":381,"href":"https:\/\/www.litemarine.fr\/index.php\/wp-json\/wp\/v2\/pages\/25\/revisions\/381"}],"wp:attachment":[{"href":"https:\/\/www.litemarine.fr\/index.php\/wp-json\/wp\/v2\/media?parent=25"}],"curies":[{"name":"wp","href":"https:\/\/api.w.org\/{rel}","templated":true}]}}