{"id":142,"date":"2025-03-30T14:19:14","date_gmt":"2025-03-30T12:19:14","guid":{"rendered":"https:\/\/www.litemarine.fr\/?page_id=142"},"modified":"2025-04-12T18:39:19","modified_gmt":"2025-04-12T16:39:19","slug":"contact","status":"publish","type":"page","link":"https:\/\/www.litemarine.fr\/index.php\/contact\/","title":{"rendered":"Contact"},"content":{"rendered":"\n<h1 class=\"wp-block-heading\"><em><strong><mark style=\"background-color:rgba(0, 0, 0, 0)\" class=\"has-inline-color has-custom-color-1-color\">C<\/mark><\/strong>ontact<\/em><\/h1>\n\n\n\n<h3 class=\"wp-block-heading\">Coordonn\u00e9es<\/h3>\n\n\n\n<ul class=\"wp-block-list\">\n<li><img decoding=\"async\" src=\"https:\/\/www.litemarine.fr\/wp-content\/themes\/cruiser\/images\/telephone.png\" alt=\"\"> <a href=\"tel:33670302019\">+33 6 70 30 20 19<\/a><\/li>\n<\/ul>\n\n\n\n<ul class=\"wp-block-list\">\n<li><img decoding=\"async\" src=\"https:\/\/www.litemarine.fr\/wp-content\/themes\/cruiser\/images\/envelope.png\" alt=\"\"> <a href=\"mailto:contact@litemarine.fr\">contact@litemarine.fr<\/a><\/li>\n<\/ul>\n\n\n\n<ul class=\"wp-block-list\">\n<li>\u235f <a href=\"https:\/\/www.instagram.com\/litemarineco\/\" target=\"_blank\" rel=\"noreferrer noopener\">Instagram<\/a><\/li>\n<\/ul>\n\n\n\n<ul class=\"wp-block-list\">\n<li><img decoding=\"async\" src=\"https:\/\/www.litemarine.fr\/wp-content\/themes\/cruiser\/images\/location.png\" alt=\"\"> Chartres, France<\/li>\n\n\n\n<li><img decoding=\"async\" src=\"https:\/\/www.litemarine.fr\/wp-content\/themes\/cruiser\/images\/location.png\" alt=\"\"> La Rochelle, France<\/li>\n<\/ul>\n\n\n\n<div class=\"wp-block-columns is-layout-flex wp-container-core-columns-is-layout-28f84493 wp-block-columns-is-layout-flex\">\n<div class=\"wp-block-column is-layout-flow wp-block-column-is-layout-flow\" style=\"flex-basis:100%\"><\/div>\n<\/div>\n\n\n\n<ul class=\"wp-block-list\"><\/ul>\n\n\n<div class=\"frm_forms  with_frm_style frm_style_style-formidable\" id=\"frm_form_1_container\" >\n<form enctype=\"multipart\/form-data\" method=\"post\" class=\"frm-show-form \" id=\"form_contact-form\" >\n<div class=\"frm_form_fields \">\n<fieldset>\n<legend class=\"frm_screen_reader\">Formulaire de contact<\/legend>\r\n<h3 class=\"frm_form_title\">Formulaire de contact<\/h3>\r\n<div class=\"frm_description\"><p>Contactez-nous en remplissant ce formulaire<\/p>\n<\/div><div class=\"frm_fields_container\">\n<input type=\"hidden\" name=\"frm_action\" value=\"create\" \/>\n<input type=\"hidden\" name=\"form_id\" value=\"1\" \/>\n<input type=\"hidden\" name=\"frm_hide_fields_1\" id=\"frm_hide_fields_1\" value=\"\" \/>\n<input type=\"hidden\" name=\"form_key\" value=\"contact-form\" \/>\n<input type=\"hidden\" name=\"item_meta[0]\" value=\"\" \/>\n<input type=\"hidden\" id=\"frm_submit_entry_1\" name=\"frm_submit_entry_1\" value=\"ec6c8bf506\" \/><input type=\"hidden\" name=\"_wp_http_referer\" value=\"\/index.php\/wp-json\/wp\/v2\/pages\/142\" \/><div id=\"frm_field_2_container\" class=\"frm_form_field form-field  frm_required_field frm_top_container frm6 frm_first\">\r\n\t<label for=\"field_ocfup1\" id=\"field_ocfup1_label\" class=\"frm_primary_label\">Nom\r\n\t\t<span class=\"frm_required\" aria-hidden=\"true\">*<\/span>\r\n\t<\/label>\r\n\t<input type=\"text\" id=\"field_ocfup1\" name=\"item_meta[2]\" value=\"\"  data-reqmsg=\"Ce champ ne peut pas \u00eatre vide\" aria-required=\"true\" data-invmsg=\"Nom est non valide\" aria-invalid=\"false\"  \/>\r\n\t\r\n\t\r\n<\/div>\n<div id=\"frm_field_1_container\" class=\"frm_form_field form-field  frm_top_container frm6\">\r\n\t<label for=\"field_qh4icy\" id=\"field_qh4icy_label\" class=\"frm_primary_label\">Pr\u00e9nom\r\n\t\t<span class=\"frm_required\" aria-hidden=\"true\"><\/span>\r\n\t<\/label>\r\n\t<input type=\"text\" id=\"field_qh4icy\" name=\"item_meta[1]\" value=\"\"  data-invmsg=\"Pr\u00e9nom est non valide\" aria-invalid=\"false\"  \/>\r\n\t\r\n\t\r\n<\/div>\n<div id=\"frm_field_7_container\" class=\"frm_form_field form-field  frm_top_container vertical_radio\">\r\n\t<div  id=\"field_z747o_label\" class=\"frm_primary_label\">Civilit\u00e9\r\n\t\t<span class=\"frm_required\" aria-hidden=\"true\"><\/span>\r\n\t<\/div>\r\n\t<div class=\"frm_opt_container\" aria-labelledby=\"field_z747o_label\" role=\"radiogroup\">\t\t<div class=\"frm_radio\" id=\"frm_radio_7-0\">\t\t\t<label  for=\"field_z747o-0\">\n\t\t\t\t\t<input type=\"radio\" name=\"item_meta[7]\" id=\"field_z747o-0\" value=\"Mme\"\n\t\t data-invmsg=\"Civilit\u00e9 est non valide\"   \/> Mme<\/label><\/div>\n\t\t<div class=\"frm_radio\" id=\"frm_radio_7-1\">\t\t\t<label  for=\"field_z747o-1\">\n\t\t\t\t\t<input type=\"radio\" name=\"item_meta[7]\" id=\"field_z747o-1\" value=\"M.\"\n\t\t data-invmsg=\"Civilit\u00e9 est non valide\"   \/> M.<\/label><\/div>\n<\/div>\r\n\t\r\n\t\r\n<\/div>\n<div id=\"frm_field_8_container\" class=\"frm_form_field form-field  frm_top_container\">\r\n\t<label for=\"field_vqg3\" id=\"field_vqg3_label\" class=\"frm_primary_label\">Entreprise\r\n\t\t<span class=\"frm_required\" aria-hidden=\"true\"><\/span>\r\n\t<\/label>\r\n\t<input type=\"text\" id=\"field_vqg3\" name=\"item_meta[8]\" value=\"\"  data-invmsg=\"Entreprise est non valide\" aria-invalid=\"false\"  \/>\r\n\t\r\n\t\r\n<\/div>\n<div id=\"frm_field_3_container\" class=\"frm_form_field form-field  frm_required_field frm_top_container frm4 frm_first\">\r\n\t<label for=\"field_29yf4d\" id=\"field_29yf4d_label\" class=\"frm_primary_label\">Email\r\n\t\t<span class=\"frm_required\" aria-hidden=\"true\">*<\/span>\r\n\t<\/label>\r\n\t<input type=\"email\" id=\"field_29yf4d\" name=\"item_meta[3]\" value=\"\"  data-reqmsg=\"Ce champ ne peut pas \u00eatre vide\" aria-required=\"true\" data-invmsg=\"Entrer une adresse email valide\" aria-invalid=\"false\"  \/>\r\n\t\r\n\t\r\n<\/div>\n<div id=\"frm_field_9_container\" class=\"frm_form_field form-field  frm_top_container frm4\">\r\n\t<label for=\"field_kh0qv\" id=\"field_kh0qv_label\" class=\"frm_primary_label\">Num\u00e9ro de t\u00e9l\u00e9phone\r\n\t\t<span class=\"frm_required\" aria-hidden=\"true\"><\/span>\r\n\t<\/label>\r\n\t<input type=\"tel\" id=\"field_kh0qv\" name=\"item_meta[9]\" value=\"\"  data-invmsg=\"Num\u00e9ro de t\u00e9l\u00e9phone non valide\" aria-invalid=\"false\" pattern=\"((\\+\\d{1,3}(-|.| )?\\(?\\d\\)?(-| |.)?\\d{1,5})|(\\(?\\d{2,6}\\)?))(-|.| )?(\\d{3,4})(-|.| )?(\\d{4})(( x| ext)\\d{1,5}){0,1}$\"  \/>\r\n\t\r\n\t\r\n<\/div>\n<div id=\"frm_field_10_container\" class=\"frm_form_field form-field  frm_top_container frm4\">\r\n\t<label for=\"field_jueaq\" id=\"field_jueaq_label\" class=\"frm_primary_label\">Code postal\r\n\t\t<span class=\"frm_required\" aria-hidden=\"true\"><\/span>\r\n\t<\/label>\r\n\t<input type=\"text\" id=\"field_jueaq\" name=\"item_meta[10]\" value=\"\"  data-invmsg=\"Code postal est non valide\" aria-invalid=\"false\"  \/>\r\n\t\r\n\t\r\n<\/div>\n<div id=\"frm_field_4_container\" class=\"frm_form_field form-field  frm_required_field frm_top_container frm12 frm_first\">\r\n\t<label for=\"field_e6lis6\" id=\"field_e6lis6_label\" class=\"frm_primary_label\">Sujet de votre message\r\n\t\t<span class=\"frm_required\" aria-hidden=\"true\">*<\/span>\r\n\t<\/label>\r\n\t<input type=\"text\" id=\"field_e6lis6\" name=\"item_meta[4]\" value=\"\"  data-reqmsg=\"Ce champ ne peut pas \u00eatre vide\" aria-required=\"true\" data-invmsg=\"Sujet de votre message est non valide\" aria-invalid=\"false\"  \/>\r\n\t\r\n\t\r\n<\/div>\n<div id=\"frm_field_5_container\" class=\"frm_form_field form-field  frm_required_field frm_top_container frm_full\">\r\n\t<label for=\"field_9jv0r1\" id=\"field_9jv0r1_label\" class=\"frm_primary_label\">Message\r\n\t\t<span class=\"frm_required\" aria-hidden=\"true\">*<\/span>\r\n\t<\/label>\r\n\t<textarea name=\"item_meta[5]\" id=\"field_9jv0r1\" rows=\"5\"  data-reqmsg=\"Ce champ ne peut pas \u00eatre vide\" aria-required=\"true\" data-invmsg=\"Message est non valide\" aria-invalid=\"false\"  ><\/textarea>\r\n\t\r\n\t\r\n<\/div>\n<div id=\"frm_field_11_container\" class=\"frm_form_field form-field  frm_none_container frm12 frm_first\">\r\n\t<label for=\"g-recaptcha-response\" id=\"field_o0dkf_label\" class=\"frm_primary_label\">Anti-spam\r\n\t\t<span class=\"frm_required\" aria-hidden=\"true\"><\/span>\r\n\t<\/label>\r\n\t<div  id=\"field_o0dkf\" class=\"frm-g-recaptcha\" data-sitekey=\"6LflXwQrAAAAAA7QwEkCzxKd-7b0xFqKI2UCav98\" data-size=\"normal\" data-theme=\"light\"><\/div>\r\n\t\r\n\t\r\n<\/div>\n<div id=\"frm_field_6_container\" class=\"frm_form_field form-field \">\r\n\t<div class=\"frm_submit frm_flex\">\r\n<button class=\"frm_button_submit\" type=\"submit\"  >Envoyer<\/button>\r\n\r\n\r\n\r\n<\/div>\r\n<\/div>\n\t<input type=\"hidden\" name=\"item_key\" value=\"\" \/>\n\t\t\t<div id=\"frm_field_12_container\">\n\t\t\t<label for=\"field_1hsqr\" >\n\t\t\t\tSi vous \u00eates un humain, ne remplissez pas ce champ.\t\t\t<\/label>\n\t\t\t<input  id=\"field_1hsqr\" type=\"text\" class=\"frm_form_field form-field frm_verify\" name=\"item_meta[12]\" value=\"\"  \/>\n\t\t<\/div>\n\t\t<input name=\"frm_state\" type=\"hidden\" value=\"TRATpuhFl6sR\/IkrjN7b0vKuD5+lkUhlNX6oZp6SWNI=\" \/><\/div>\n<\/fieldset>\n<\/div>\n\n<\/form>\n<\/div>\n\n\n\n\n<p style=\"font-size:13px\"><mark style=\"background-color:rgba(0, 0, 0, 0);color:#838383\" class=\"has-inline-color\"><em>Les informations recueillies via ce formulaire sont enregistr\u00e9es par <\/em>LiteMarine&amp;Co<em> et ne sont utilis\u00e9es que pour nous permettre de r\u00e9pondre \u00e0 votre demande sp\u00e9cifique et suivre les \u00e9changes entre vous et <\/em>LiteMarine&amp;Co<em>. Elles sont conserv\u00e9es temporairement et sont destin\u00e9es \u00e0 notre service client. Conform\u00e9ment \u00e0 la loi \u00ab\u00a0informatique et libert\u00e9s\u00a0\u00bb, vous pouvez exercer votre droit d\u2019acc\u00e8s aux donn\u00e9es vous concernant et les faire rectifier en nous contactant comme stipul\u00e9 dans notre page pr\u00e9sentant notre politique de confidentialit\u00e9<\/em>.<\/mark><\/p>\n","protected":false},"excerpt":{"rendered":"<p>Contact Coordonn\u00e9es Les informations recueillies via ce formulaire sont enregistr\u00e9es par LiteMarine&amp;Co et ne sont utilis\u00e9es que pour nous permettre de r\u00e9pondre \u00e0 votre demande sp\u00e9cifique et suivre les \u00e9changes entre vous et LiteMarine&amp;Co. Elles sont conserv\u00e9es temporairement et sont destin\u00e9es \u00e0 notre service client. Conform\u00e9ment \u00e0 la loi \u00ab\u00a0informatique et libert\u00e9s\u00a0\u00bb, vous pouvez exercer [&hellip;]<\/p>\n","protected":false},"author":1,"featured_media":0,"parent":0,"menu_order":3,"comment_status":"closed","ping_status":"closed","template":"","meta":{"footnotes":""},"class_list":["post-142","page","type-page","status-publish","hentry"],"_links":{"self":[{"href":"https:\/\/www.litemarine.fr\/index.php\/wp-json\/wp\/v2\/pages\/142","targetHints":{"allow":["GET"]}}],"collection":[{"href":"https:\/\/www.litemarine.fr\/index.php\/wp-json\/wp\/v2\/pages"}],"about":[{"href":"https:\/\/www.litemarine.fr\/index.php\/wp-json\/wp\/v2\/types\/page"}],"author":[{"embeddable":true,"href":"https:\/\/www.litemarine.fr\/index.php\/wp-json\/wp\/v2\/users\/1"}],"replies":[{"embeddable":true,"href":"https:\/\/www.litemarine.fr\/index.php\/wp-json\/wp\/v2\/comments?post=142"}],"version-history":[{"count":17,"href":"https:\/\/www.litemarine.fr\/index.php\/wp-json\/wp\/v2\/pages\/142\/revisions"}],"predecessor-version":[{"id":405,"href":"https:\/\/www.litemarine.fr\/index.php\/wp-json\/wp\/v2\/pages\/142\/revisions\/405"}],"wp:attachment":[{"href":"https:\/\/www.litemarine.fr\/index.php\/wp-json\/wp\/v2\/media?parent=142"}],"curies":[{"name":"wp","href":"https:\/\/api.w.org\/{rel}","templated":true}]}}